{"id":1964,"date":"2023-08-23T13:24:13","date_gmt":"2023-08-23T13:24:13","guid":{"rendered":"https:\/\/www.hospitalelcalafate.gob.ar\/?page_id=1964"},"modified":"2025-01-24T12:52:36","modified_gmt":"2025-01-24T15:52:36","slug":"gestion-de-pacientes","status":"publish","type":"page","link":"https:\/\/www.hospitalelcalafate.gob.ar\/?page_id=1964","title":{"rendered":"Gesti\u00f3n de Pacientes"},"content":{"rendered":"\n<div class=\"wp-block-cover alignfull\" style=\"min-height:100px;aspect-ratio:unset;\"><span aria-hidden=\"true\" class=\"wp-block-cover__background has-background-dim-20 has-background-dim\" style=\"background-color:#002243\"><\/span><img loading=\"lazy\" decoding=\"async\" width=\"1200\" height=\"150\" class=\"wp-block-cover__image-background wp-image-3524\" alt=\"\" src=\"https:\/\/www.hospitalelcalafate.gob.ar\/wp-content\/uploads\/2024\/07\/FondoTituloRelieveAzul.png\" data-object-fit=\"cover\" srcset=\"https:\/\/www.hospitalelcalafate.gob.ar\/wp-content\/uploads\/2024\/07\/FondoTituloRelieveAzul.png 1200w, https:\/\/www.hospitalelcalafate.gob.ar\/wp-content\/uploads\/2024\/07\/FondoTituloRelieveAzul-300x38.png 300w, https:\/\/www.hospitalelcalafate.gob.ar\/wp-content\/uploads\/2024\/07\/FondoTituloRelieveAzul-1024x128.png 1024w, https:\/\/www.hospitalelcalafate.gob.ar\/wp-content\/uploads\/2024\/07\/FondoTituloRelieveAzul-768x96.png 768w\" sizes=\"auto, (max-width: 1200px) 100vw, 1200px\" \/><div class=\"wp-block-cover__inner-container is-layout-flow wp-block-cover-is-layout-flow\">\n<p class=\"has-text-align-center has-large-font-size\">Gesti\u00f3n de Pacientes<\/p>\n<\/div><\/div>\n\n\n\n<div style=\"height:51px\" aria-hidden=\"true\" class=\"wp-block-spacer\"><\/div>\n\n\n\n<div class=\"wp-block-essential-blocks-shape-divider  root-eb-shape-divider-wogon\"><div class=\"eb-parent-wrapper eb-parent-eb-shape-divider-wogon \"><div class=\"eb-shape-divider-wrapper eb-shape-divider-wogon\"><div class=\"eb-shape-divider eb-shape-divider-top\" data-shape=\"style_1\" data-negative=\"false\"><svg xmlns=\"http:\/\/www.w3.org\/2000\/svg\" fill=\"none\" viewBox=\"0 0 1000 100\" preserveAspectRatio=\"none\"><g clip-path=\"url(#eb-shape-divider-ocean-wave)\"><path class=\"eb-shape-divider-fill\" fill=\"#715AFF\" d=\"M0 97.79S101.82-.97 283.17 5.23c203.09 0 290.46 94.4 716.83 94.4V0H0v97.79Z\"><\/path><\/g><defs><clipPath id=\"eb-shape-divider-ocean-wave\"><path fill=\"#fff\" class=\"eb-shape-divider-fill\" d=\"M0 0h1000v99.62H0z\"><\/path><\/clipPath><\/defs><\/svg><\/div><\/div><\/div><\/div>\n\n\n\n<h2 class=\"wp-block-heading has-text-align-center\">Portal de Pacientes<\/h2>\n\n\n\n<p class=\"has-text-align-center\"><a href=\"http:\/\/sigehos.hospitalelcalafate.gob.ar\/ppgenesis\" target=\"_blank\" rel=\"noreferrer noopener\">Entrar al portal <\/a><\/p>\n\n\n\n<p><\/p>\n\n\n\n<h2 class=\"wp-block-heading has-text-align-center\"><strong>Departamento de Gesti\u00f3n de Pacientes<\/strong><\/h2>\n\n\n\n<p class=\"has-medium-font-size\">Gesti\u00f3n del Paciente cumple el rol de nexo entre todos los servicios del hospital, generando un sistema interno desde informes, admisi\u00f3n, consultorios externos, gesti\u00f3n de turnos, internaci\u00f3n, atenci\u00f3n al usuario, derivaciones, admisiones del servicio de emergencias que garantizan la calidad de atenci\u00f3n y seguridad del paciente.<\/p>\n\n\n\n<div class=\"inherit-container-width wp-block-group is-layout-constrained wp-block-group-is-layout-constrained\" style=\"padding-top:0;padding-bottom:0\">\n<div class=\"wp-block-columns is-layout-flex wp-container-core-columns-is-layout-28f84493 wp-block-columns-is-layout-flex\">\n<div class=\"wp-block-column is-layout-flow wp-block-column-is-layout-flow\">\n<h2 class=\"wp-block-heading has-text-align-center\">Informaci\u00f3n para los usuarios y\/o pacientes<\/h2>\n\n\n\n<div class=\"wp-block-uagb-buttons uagb-buttons__outer-wrap uagb-btn__default-btn uagb-btn-tablet__default-btn uagb-btn-mobile__default-btn uagb-block-32cf232b\"><div class=\"uagb-buttons__wrap uagb-buttons-layout-wrap \">\n<div class=\"wp-block-uagb-buttons-child uagb-buttons__outer-wrap uagb-block-882de09d wp-block-button\"><div class=\"uagb-button__wrapper\"><a class=\"uagb-buttons-repeater wp-block-button__link\" aria-label=\"\" href=\"#horarios-internaci\u00f3n\" rel=\"follow noopener\" target=\"_self\" role=\"button\"><span class=\"uagb-button__icon uagb-button__icon-position-before\"><svg xmlns=\"https:\/\/www.w3.org\/2000\/svg\" viewBox=\"0 0 512 512\" aria-hidden=\"true\" focussable=\"false\"><path d=\"M256 0C397.4 0 512 114.6 512 256C512 397.4 397.4 512 256 512C201.7 512 151.2 495 109.7 466.1C95.2 455.1 91.64 436 101.8 421.5C111.9 407 131.8 403.5 146.3 413.6C177.4 435.3 215.2 448 256 448C362 448 448 362 448 256C448 149.1 362 64 256 64C202.1 64 155 85.46 120.2 120.2L151 151C166.1 166.1 155.4 192 134.1 192H24C10.75 192 0 181.3 0 168V57.94C0 36.56 25.85 25.85 40.97 40.97L74.98 74.98C121.3 28.69 185.3 0 255.1 0L256 0zM256 128C269.3 128 280 138.7 280 152V246.1L344.1 311C354.3 320.4 354.3 335.6 344.1 344.1C335.6 354.3 320.4 354.3 311 344.1L239 272.1C234.5 268.5 232 262.4 232 256V152C232 138.7 242.7 128 256 128V128z\"><\/path><\/svg><\/span><div class=\"uagb-button__link\">Horarios y pautas <br>de visita en Internaci\u00f3n<\/div><\/a><\/div><\/div>\n\n\n\n<div class=\"wp-block-uagb-buttons-child uagb-buttons__outer-wrap uagb-block-589cad01 wp-block-button\"><div class=\"uagb-button__wrapper\"><a class=\"uagb-buttons-repeater wp-block-button__link\" aria-label=\"\" href=\"#atenci\u00f3n-usuario\" rel=\"follow noopener\" target=\"_self\" role=\"button\"><span class=\"uagb-button__icon uagb-button__icon-position-before\"><svg xmlns=\"https:\/\/www.w3.org\/2000\/svg\" viewBox=\"0 0 448 512\" aria-hidden=\"true\" focussable=\"false\"><path d=\"M352 128C352 198.7 294.7 256 224 256C153.3 256 96 198.7 96 128C96 57.31 153.3 0 224 0C294.7 0 352 57.31 352 128zM209.1 359.2L176 304H272L238.9 359.2L272.2 483.1L311.7 321.9C388.9 333.9 448 400.7 448 481.3C448 498.2 434.2 512 417.3 512H30.72C13.75 512 0 498.2 0 481.3C0 400.7 59.09 333.9 136.3 321.9L175.8 483.1L209.1 359.2z\"><\/path><\/svg><\/span><div class=\"uagb-button__link\">Atenci\u00f3n al Usuario<\/div><\/a><\/div><\/div>\n\n\n\n<div class=\"wp-block-uagb-buttons-child uagb-buttons__outer-wrap uagb-block-d402ba1c wp-block-button\"><div class=\"uagb-button__wrapper\"><a class=\"uagb-buttons-repeater wp-block-button__link\" aria-label=\"\" href=\"#agenda-turnos\" rel=\"follow noopener\" target=\"_self\" role=\"button\"><span class=\"uagb-button__icon uagb-button__icon-position-before\"><svg xmlns=\"https:\/\/www.w3.org\/2000\/svg\" viewBox=\"0 0 512 512\" aria-hidden=\"true\" focussable=\"false\"><path d=\"M384 0H96C60.65 0 32 28.65 32 64v384c0 35.35 28.65 64 64 64h288c35.35 0 64-28.65 64-64V64C448 28.65 419.3 0 384 0zM240 128c35.35 0 64 28.65 64 64s-28.65 64-64 64c-35.34 0-64-28.65-64-64S204.7 128 240 128zM336 384h-192C135.2 384 128 376.8 128 368C128 323.8 163.8 288 208 288h64c44.18 0 80 35.82 80 80C352 376.8 344.8 384 336 384zM496 64H480v96h16C504.8 160 512 152.8 512 144v-64C512 71.16 504.8 64 496 64zM496 192H480v96h16C504.8 288 512 280.8 512 272v-64C512 199.2 504.8 192 496 192zM496 320H480v96h16c8.836 0 16-7.164 16-16v-64C512 327.2 504.8 320 496 320z\"><\/path><\/svg><\/span><div class=\"uagb-button__link\">Agenda de Turnos<\/div><\/a><\/div><\/div>\n\n\n\n<div class=\"wp-block-uagb-buttons-child uagb-buttons__outer-wrap uagb-block-d66ec529 wp-block-button\"><div class=\"uagb-button__wrapper\"><a class=\"uagb-buttons-repeater wp-block-button__link\" aria-label=\"\" href=\"https:\/\/www.hospitalelcalafate.gob.ar\/wp-content\/uploads\/2024\/01\/CUS-Apto-Fisico-1.pdf\" rel=\"follow noopener\" target=\"_blank\" role=\"button\"><span class=\"uagb-button__icon uagb-button__icon-position-before\"><svg xmlns=\"https:\/\/www.w3.org\/2000\/svg\" viewBox=\"0 0 448 512\" aria-hidden=\"true\" focussable=\"false\"><path d=\"M400 224h-44l-26.12-53.25c-12.5-25.5-35.38-44.25-61.75-51L197 98.63C189.5 96.84 181.1 95.97 174.5 95.97c-20.88 0-41.33 6.81-58.26 19.78L76.5 146.3C68.31 152.5 64.01 162 64.01 171.6c0 17.11 13.67 32.02 32.02 32.02c6.808 0 13.67-2.158 19.47-6.616l39.63-30.38c5.92-4.488 13.01-6.787 19.53-6.787c2.017 0 3.981 .2196 5.841 .6623l14.62 4.25l-37.5 87.5C154.1 260.3 152.5 268.8 152.5 277.2c0 22.09 11.49 43.52 31.51 55.29l85 50.13l-27.5 87.75c-.9875 3.174-1.458 6.388-1.458 9.55c0 13.65 8.757 26.31 22.46 30.58C265.6 511.5 268.9 512 272 512c13.62 0 26.25-8.75 30.5-22.5l31.75-101c1.211-4.278 1.796-8.625 1.796-12.93c0-16.57-8.661-32.51-23.55-41.44l-61.13-36.12l31.25-78.38l20.25 41.5C310.9 277.4 327.9 288 345.1 288H400c17.62 0 32-14.38 32-32C432 238.3 417.6 224 400 224zM288 96c26.5 0 48-21.5 48-48s-21.5-48-48-48s-48 21.5-48 48S261.5 96 288 96zM129.8 317.5L114.9 352H48c-17.62 0-32 14.38-32 32s14.38 32 32 32h77.5c19.25 0 36.5-11.5 44-29.12l8.875-20.5l-10.75-6.25C150.4 349.9 137.6 334.8 129.8 317.5z\"><\/path><\/svg><\/span><div class=\"uagb-button__link\">Apto F\u00edsico<\/div><\/a><\/div><\/div>\n<\/div><\/div>\n<\/div>\n<\/div>\n<\/div>\n\n\n\n<div style=\"height:142px\" aria-hidden=\"true\" class=\"wp-block-spacer\"><\/div>\n\n\n\n<div id=\"horarios-internaci\u00f3n\" class=\"wp-block-uagb-container uagb-block-5b5aa0c1 alignfull uagb-is-root-container\"><div class=\"uagb-container-inner-blocks-wrap\">\n<div class=\"inherit-container-width wp-block-group is-layout-constrained wp-block-group-is-layout-constrained\">\n<div class=\"wp-block-essential-blocks-shape-divider  root-eb-shape-divider-2nhvx3l\"><div class=\"eb-parent-wrapper eb-parent-eb-shape-divider-2nhvx3l \"><div class=\"eb-shape-divider-wrapper eb-shape-divider-2nhvx3l\"><div class=\"eb-shape-divider eb-shape-divider-top\" data-shape=\"style_1\" data-negative=\"false\"><svg xmlns=\"http:\/\/www.w3.org\/2000\/svg\" fill=\"none\" viewBox=\"0 0 1000 100\" preserveAspectRatio=\"none\"><g clip-path=\"url(#eb-shape-divider-ocean-wave)\"><path class=\"eb-shape-divider-fill\" fill=\"#715AFF\" d=\"M0 97.79S101.82-.97 283.17 5.23c203.09 0 290.46 94.4 716.83 94.4V0H0v97.79Z\"><\/path><\/g><defs><clipPath id=\"eb-shape-divider-ocean-wave\"><path fill=\"#fff\" class=\"eb-shape-divider-fill\" d=\"M0 0h1000v99.62H0z\"><\/path><\/clipPath><\/defs><\/svg><\/div><\/div><\/div><\/div>\n\n\n\n<h2 class=\"wp-block-heading has-text-align-center\">Horarios y pautas de visita en Internaci\u00f3n<\/h2>\n<\/div>\n\n\n\n<div class=\"wp-block-uagb-tabs uagb-block-bb9fa558 uagb-tabs__wrap uagb-tabs__hstyle3-desktop uagb-tabs__vstyle6-tablet uagb-tabs__stack1-mobile\" data-tab-active=\"0\"><ul class=\"uagb-tabs__panel uagb-tabs__align-left\" role=\"tablist\"><li class=\"uagb-tab uagb-tabs__active\" role=\"none\"><a href=\"#uagb-tabs__tab0\" class=\"uagb-tabs-list uagb-tabs__icon-position-bottom\" data-tab=\"0\" role=\"tab\"><div>Internaci\u00f3n General, Pediatr\u00eda y Tocoginecolog\u00eda<\/div><span class=\"uagb-tabs__icon\"><svg xmlns=\"https:\/\/www.w3.org\/2000\/svg\" viewBox=\"0 0 384 512\"><path d=\"M374.6 310.6l-160 160C208.4 476.9 200.2 480 192 480s-16.38-3.125-22.62-9.375l-160-160c-12.5-12.5-12.5-32.75 0-45.25s32.75-12.5 45.25 0L160 370.8V64c0-17.69 14.33-31.1 31.1-31.1S224 46.31 224 64v306.8l105.4-105.4c12.5-12.5 32.75-12.5 45.25 0S387.1 298.1 374.6 310.6z\"><\/path><\/svg><\/span><\/a><\/li><li class=\"uagb-tab \" role=\"none\"><a href=\"#uagb-tabs__tab1\" class=\"uagb-tabs-list uagb-tabs__icon-position-bottom\" data-tab=\"1\" role=\"tab\"><div>Unidad de cuidados intensivos (UTI)<\/div><span class=\"uagb-tabs__icon\"><svg xmlns=\"https:\/\/www.w3.org\/2000\/svg\" viewBox=\"0 0 384 512\"><path d=\"M374.6 310.6l-160 160C208.4 476.9 200.2 480 192 480s-16.38-3.125-22.62-9.375l-160-160c-12.5-12.5-12.5-32.75 0-45.25s32.75-12.5 45.25 0L160 370.8V64c0-17.69 14.33-31.1 31.1-31.1S224 46.31 224 64v306.8l105.4-105.4c12.5-12.5 32.75-12.5 45.25 0S387.1 298.1 374.6 310.6z\"><\/path><\/svg><\/span><\/a><\/li><li class=\"uagb-tab \" role=\"none\"><a href=\"#uagb-tabs__tab2\" class=\"uagb-tabs-list uagb-tabs__icon-position-bottom\" data-tab=\"2\" role=\"tab\"><div>Neonatolog\u00eda<\/div><span class=\"uagb-tabs__icon\"><svg xmlns=\"https:\/\/www.w3.org\/2000\/svg\" viewBox=\"0 0 384 512\"><path d=\"M374.6 310.6l-160 160C208.4 476.9 200.2 480 192 480s-16.38-3.125-22.62-9.375l-160-160c-12.5-12.5-12.5-32.75 0-45.25s32.75-12.5 45.25 0L160 370.8V64c0-17.69 14.33-31.1 31.1-31.1S224 46.31 224 64v306.8l105.4-105.4c12.5-12.5 32.75-12.5 45.25 0S387.1 298.1 374.6 310.6z\"><\/path><\/svg><\/span><\/a><\/li><li class=\"uagb-tab \" role=\"none\"><a href=\"#uagb-tabs__tab3\" class=\"uagb-tabs-list uagb-tabs__icon-position-bottom\" data-tab=\"3\" role=\"tab\"><div>Pautas Generales<\/div><span class=\"uagb-tabs__icon\"><svg xmlns=\"https:\/\/www.w3.org\/2000\/svg\" viewBox=\"0 0 384 512\"><path d=\"M374.6 310.6l-160 160C208.4 476.9 200.2 480 192 480s-16.38-3.125-22.62-9.375l-160-160c-12.5-12.5-12.5-32.75 0-45.25s32.75-12.5 45.25 0L160 370.8V64c0-17.69 14.33-31.1 31.1-31.1S224 46.31 224 64v306.8l105.4-105.4c12.5-12.5 32.75-12.5 45.25 0S387.1 298.1 374.6 310.6z\"><\/path><\/svg><\/span><\/a><\/li><\/ul><div class=\"uagb-tabs__body-wrap\">\n<div class=\"wp-block-uagb-tabs-child uagb-tabs__body-container uagb-inner-tab-0\" aria-labelledby=\"uagb-tabs__tab0\">\n<h4 class=\"wp-block-heading\"><strong>Horarios de visita:<\/strong><\/h4>\n\n\n\n<p>lunes a domingos de 16 hs. a 18 hs.<\/p>\n\n\n\n<p>Durante el horario de visita podr\u00e1n permanecer en la habitaci\u00f3n hasta dos personas. <\/p>\n\n\n\n<p>Fuera del horario de visita se permitir\u00e1 un acompa\u00f1ante por paciente.<\/p>\n<\/div>\n\n\n\n<div class=\"wp-block-uagb-tabs-child uagb-tabs__body-container uagb-inner-tab-1\" aria-labelledby=\"uagb-tabs__tab1\">\n<h4 class=\"wp-block-heading\"><strong>Horarios de visita: <\/strong><\/h4>\n\n\n\n<p>de <strong>11:30 hs. a 12:00 hs. y de 19:00 hs. a 19:30 hs.<\/strong><\/p>\n\n\n\n<p>El servicio de UTI puede postergar el horario de visita si el estado del paciente es cr\u00edtico. En este caso los familiares ser\u00e1n informados.<\/p>\n\n\n\n<p>Se permite un m\u00e1ximo de 2 (dos) familiares por paciente en la sala.<\/p>\n\n\n\n<p>El m\u00e9dico del Staff a cargo del paciente da el informe a las 12:00 hs.<\/p>\n\n\n\n<h4 class=\"wp-block-heading\">Antes de ingresar a la Unidad:<\/h4>\n\n\n\n<p>La UTI es una de las \u00e1reas conocidas como \u00e1rea \u00abCerradas\u00bb por lo que se extrema los cuidados hacia el paciente. Por lo que solicitamos en los horarios de visita lavarse las manos y dejar sus pertenencias en los casilleros dispuestos para tal fin<\/p>\n<\/div>\n\n\n\n<div class=\"wp-block-uagb-tabs-child uagb-tabs__body-container uagb-inner-tab-2\" aria-labelledby=\"uagb-tabs__tab2\">\n<h4 class=\"wp-block-heading\"><strong>Horarios de visita: <\/strong><\/h4>\n\n\n\n<p>Los padres tienen libre acceso.<\/p>\n\n\n\n<p>Familiares que no sean los padres, pueden asistir los d\u00edas mi\u00e9rcoles y domingos a las 15 hs.<\/p>\n<\/div>\n\n\n\n<div class=\"wp-block-uagb-tabs-child uagb-tabs__body-container uagb-inner-tab-3\" aria-labelledby=\"uagb-tabs__tab3\">\n<p style=\"font-size:16px\">A fin de garantizar las condiciones \u00f3ptimas de descanso de los pacientes, solicitamos por favor respetar las siguientes normas:<\/p>\n\n\n\n<p>Conversar en voz baja.<\/p>\n\n\n\n<p>Volumen bajo de la radio o la televisi\u00f3n.<\/p>\n\n\n\n<p>Mantener la higiene y el orden.<\/p>\n\n\n\n<p>No lavar ni colgar ropa en el ba\u00f1o de la habitaci\u00f3n.<\/p>\n\n\n\n<p>No est\u00e1 permitido beber mate dentro de la habitaci\u00f3n, en pasillos, salas de espera ni ascensores.<\/p>\n\n\n\n<p>Respetar las medidas para la separaci\u00f3n de basura. Encontrar\u00e1 un instructivo en la habitaci\u00f3n.<\/p>\n\n\n\n<p>Le solicitamos permanecer en la habitaci\u00f3n.<\/p>\n\n\n\n<p>Es importante que los pasillos est\u00e9n despejados a fin de permitir la correcta circulaci\u00f3n del personal de atenci\u00f3n.<\/p>\n<\/div>\n<\/div><\/div>\n<\/div><\/div>\n\n\n\n<div style=\"height:100px\" aria-hidden=\"true\" class=\"wp-block-spacer\"><\/div>\n\n\n\n<div id=\"atenci\u00f3n-usuario\" class=\"wp-block-uagb-container uagb-block-fa291fec alignfull uagb-is-root-container\"><div class=\"uagb-container-inner-blocks-wrap\">\n<div class=\"inherit-container-width wp-block-group is-layout-constrained wp-block-group-is-layout-constrained\">\n<div class=\"wp-block-essential-blocks-shape-divider  root-eb-shape-divider-11qv05k\"><div class=\"eb-parent-wrapper eb-parent-eb-shape-divider-11qv05k \"><div class=\"eb-shape-divider-wrapper eb-shape-divider-11qv05k\"><div class=\"eb-shape-divider eb-shape-divider-top\" data-shape=\"style_1\" data-negative=\"false\"><svg xmlns=\"http:\/\/www.w3.org\/2000\/svg\" fill=\"none\" viewBox=\"0 0 1000 100\" preserveAspectRatio=\"none\"><g clip-path=\"url(#eb-shape-divider-ocean-wave)\"><path class=\"eb-shape-divider-fill\" fill=\"#715AFF\" d=\"M0 97.79S101.82-.97 283.17 5.23c203.09 0 290.46 94.4 716.83 94.4V0H0v97.79Z\"><\/path><\/g><defs><clipPath id=\"eb-shape-divider-ocean-wave\"><path fill=\"#fff\" class=\"eb-shape-divider-fill\" d=\"M0 0h1000v99.62H0z\"><\/path><\/clipPath><\/defs><\/svg><\/div><\/div><\/div><\/div>\n\n\n\n<h2 class=\"wp-block-heading has-text-align-center\">Atenci\u00f3n al Usuario<\/h2>\n<\/div>\n\n\n\n<p style=\"font-size:18px\">Asistir a los usuarios procur\u00e1ndoles soluciones, respuestas oportunas, eficientes y eficaces a sus necesidades de informaci\u00f3n, orientaci\u00f3n, quejas, reclamos, sugerencias, consultas y peticiones de inter\u00e9s general y\/o particular, contribuyendo de \u00e9sta manera al mejor funcionamiento del servicio, administraci\u00f3n de los recursos humanos y al cumplimiento optimizando los recursos.<\/p>\n\n\n\n<h4 class=\"wp-block-heading\">Entregas de informes:<\/h4>\n\n\n\n<p class=\"has-medium-font-size\">Horario de 8 a 14hs con DNI en mano o autorizaci\u00f3n del paciente por escrito. (Estudios de im\u00e1genes y anatom\u00eda patol\u00f3gica)<\/p>\n<\/div><\/div>\n\n\n\n<div style=\"height:100px\" aria-hidden=\"true\" class=\"wp-block-spacer\"><\/div>\n\n\n\n<div id=\"agenda-turnos\" class=\"wp-block-uagb-container uagb-block-0f3205a3 alignfull uagb-is-root-container\"><div class=\"uagb-container-inner-blocks-wrap\">\n<div class=\"inherit-container-width wp-block-group is-layout-constrained wp-block-group-is-layout-constrained\">\n<div class=\"wp-block-essential-blocks-shape-divider  root-eb-shape-divider-w0eix3b\"><div class=\"eb-parent-wrapper eb-parent-eb-shape-divider-w0eix3b \"><div class=\"eb-shape-divider-wrapper eb-shape-divider-w0eix3b\"><div class=\"eb-shape-divider eb-shape-divider-top\" data-shape=\"style_1\" data-negative=\"false\"><svg xmlns=\"http:\/\/www.w3.org\/2000\/svg\" fill=\"none\" viewBox=\"0 0 1000 100\" preserveAspectRatio=\"none\"><g clip-path=\"url(#eb-shape-divider-ocean-wave)\"><path class=\"eb-shape-divider-fill\" fill=\"#715AFF\" d=\"M0 97.79S101.82-.97 283.17 5.23c203.09 0 290.46 94.4 716.83 94.4V0H0v97.79Z\"><\/path><\/g><defs><clipPath id=\"eb-shape-divider-ocean-wave\"><path fill=\"#fff\" class=\"eb-shape-divider-fill\" d=\"M0 0h1000v99.62H0z\"><\/path><\/clipPath><\/defs><\/svg><\/div><\/div><\/div><\/div>\n\n\n\n<h2 class=\"wp-block-heading has-text-align-center\">Agenda de Turnos<\/h2>\n<\/div>\n\n\n\n<p><strong>APERTURA DE CALENDARIOS POR ESPECIALIDAD:<\/strong> Se publicar\u00e1n la \u00faltima semana de cada mes.<\/p>\n\n\n\n<p>CALL CENTER \u2013  491-831 interno 2249 \/ 2250 &#8211; En forma presencial de 7:00 hs. a 20:00 hs.<\/p>\n<\/div><\/div>\n\n\n\n<p><\/p>\n","protected":false},"excerpt":{"rendered":"<p>Portal de Pacientes Entrar al portal Departamento de Gesti\u00f3n de Pacientes Gesti\u00f3n del Paciente cumple el rol de nexo entre todos los servicios del hospital, generando un sistema interno desde informes, admisi\u00f3n, consultorios externos, gesti\u00f3n de turnos, internaci\u00f3n, atenci\u00f3n al usuario, derivaciones, admisiones del servicio de emergencias que garantizan la calidad de atenci\u00f3n y seguridad [&hellip;]<\/p>\n","protected":false},"author":3,"featured_media":0,"parent":0,"menu_order":0,"comment_status":"closed","ping_status":"closed","template":"","meta":{"_eb_attr":"","_uag_custom_page_level_css":"","advgb_blocks_editor_width":"","advgb_blocks_columns_visual_guide":"","site-sidebar-layout":"default","site-content-layout":"","ast-site-content-layout":"default","site-content-style":"default","site-sidebar-style":"default","ast-global-header-display":"","ast-banner-title-visibility":"","ast-main-header-display":"","ast-hfb-above-header-display":"","ast-hfb-below-header-display":"","ast-hfb-mobile-header-display":"","site-post-title":"disabled","ast-breadcrumbs-content":"","ast-featured-img":"","footer-sml-layout":"","theme-transparent-header-meta":"","adv-header-id-meta":"","stick-header-meta":"","header-above-stick-meta":"","header-main-stick-meta":"","header-below-stick-meta":"","astra-migrate-meta-layouts":"set","ast-page-background-enabled":"default","ast-page-background-meta":{"desktop":{"background-color":"var(--ast-global-color-4)","background-image":"","background-repeat":"repeat","background-position":"center center","background-size":"auto","background-attachment":"scroll","background-type":"","background-media":"","overlay-type":"","overlay-color":"","overlay-opacity":"","overlay-gradient":""},"tablet":{"background-color":"","background-image":"","background-repeat":"repeat","background-position":"center center","background-size":"auto","background-attachment":"scroll","background-type":"","background-media":"","overlay-type":"","overlay-color":"","overlay-opacity":"","overlay-gradient":""},"mobile":{"background-color":"","background-image":"","background-repeat":"repeat","background-position":"center center","background-size":"auto","background-attachment":"scroll","background-type":"","background-media":"","overlay-type":"","overlay-color":"","overlay-opacity":"","overlay-gradient":""}},"ast-content-background-meta":{"desktop":{"background-color":"var(--ast-global-color-5)","background-image":"","background-repeat":"repeat","background-position":"center center","background-size":"auto","background-attachment":"scroll","background-type":"","background-media":"","overlay-type":"","overlay-color":"","overlay-opacity":"","overlay-gradient":""},"tablet":{"background-color":"var(--ast-global-color-5)","background-image":"","background-repeat":"repeat","background-position":"center center","background-size":"auto","background-attachment":"scroll","background-type":"","background-media":"","overlay-type":"","overlay-color":"","overlay-opacity":"","overlay-gradient":""},"mobile":{"background-color":"var(--ast-global-color-5)","background-image":"","background-repeat":"repeat","background-position":"center center","background-size":"auto","background-attachment":"scroll","background-type":"","background-media":"","overlay-type":"","overlay-color":"","overlay-opacity":"","overlay-gradient":""}},"footnotes":""},"class_list":["post-1964","page","type-page","status-publish","hentry"],"uagb_featured_image_src":{"full":false,"thumbnail":false,"medium":false,"medium_large":false,"large":false,"1536x1536":false,"2048x2048":false},"uagb_author_info":{"display_name":"Comunicaci\u00f3n","author_link":"https:\/\/www.hospitalelcalafate.gob.ar\/?author=3"},"uagb_comment_info":0,"uagb_excerpt":"Portal de Pacientes Entrar al portal Departamento de Gesti\u00f3n de Pacientes Gesti\u00f3n del Paciente cumple el rol de nexo entre todos los servicios del hospital, generando un sistema interno desde informes, admisi\u00f3n, consultorios externos, gesti\u00f3n de turnos, internaci\u00f3n, atenci\u00f3n al usuario, derivaciones, admisiones del servicio de emergencias que garantizan la calidad de atenci\u00f3n y seguridad&hellip;","coauthors":[],"author_meta":{"author_link":"https:\/\/www.hospitalelcalafate.gob.ar\/?author=3","display_name":"Comunicaci\u00f3n"},"relative_dates":{"created":"Publicado 3 a\u00f1os hace","modified":"Actualizado 1 a\u00f1o hace"},"absolute_dates":{"created":"Publicado el 23 de agosto de 2023","modified":"Actualizado el 24 de enero de 2025"},"absolute_dates_time":{"created":"Publicado el 23 de agosto de 2023 1:24 pm","modified":"Actualizado el 24 de enero de 2025 12:52 pm"},"featured_img_caption":"","featured_img":false,"series_order":"","_links":{"self":[{"href":"https:\/\/www.hospitalelcalafate.gob.ar\/index.php?rest_route=\/wp\/v2\/pages\/1964","targetHints":{"allow":["GET"]}}],"collection":[{"href":"https:\/\/www.hospitalelcalafate.gob.ar\/index.php?rest_route=\/wp\/v2\/pages"}],"about":[{"href":"https:\/\/www.hospitalelcalafate.gob.ar\/index.php?rest_route=\/wp\/v2\/types\/page"}],"author":[{"embeddable":true,"href":"https:\/\/www.hospitalelcalafate.gob.ar\/index.php?rest_route=\/wp\/v2\/users\/3"}],"replies":[{"embeddable":true,"href":"https:\/\/www.hospitalelcalafate.gob.ar\/index.php?rest_route=%2Fwp%2Fv2%2Fcomments&post=1964"}],"version-history":[{"count":47,"href":"https:\/\/www.hospitalelcalafate.gob.ar\/index.php?rest_route=\/wp\/v2\/pages\/1964\/revisions"}],"predecessor-version":[{"id":4073,"href":"https:\/\/www.hospitalelcalafate.gob.ar\/index.php?rest_route=\/wp\/v2\/pages\/1964\/revisions\/4073"}],"wp:attachment":[{"href":"https:\/\/www.hospitalelcalafate.gob.ar\/index.php?rest_route=%2Fwp%2Fv2%2Fmedia&parent=1964"}],"curies":[{"name":"wp","href":"https:\/\/api.w.org\/{rel}","templated":true}]}}