{"id":2128,"date":"2023-08-29T14:27:16","date_gmt":"2023-08-29T14:27:16","guid":{"rendered":"https:\/\/www.hospitalelcalafate.gob.ar\/?page_id=2128"},"modified":"2024-09-23T12:23:10","modified_gmt":"2024-09-23T15:23:10","slug":"contrataciones-directas-2","status":"publish","type":"page","link":"https:\/\/www.hospitalelcalafate.gob.ar\/?page_id=2128","title":{"rendered":"Contrataciones Directas"},"content":{"rendered":"\n<div class=\"wp-block-cover alignfull\" style=\"min-height:100px;aspect-ratio:unset;\"><span aria-hidden=\"true\" class=\"wp-block-cover__background has-background-dim-20 has-background-dim\" style=\"background-color:#002243\"><\/span><img loading=\"lazy\" decoding=\"async\" width=\"1200\" height=\"150\" class=\"wp-block-cover__image-background wp-image-3524\" alt=\"\" src=\"https:\/\/www.hospitalelcalafate.gob.ar\/wp-content\/uploads\/2024\/07\/FondoTituloRelieveAzul.png\" data-object-fit=\"cover\" srcset=\"https:\/\/www.hospitalelcalafate.gob.ar\/wp-content\/uploads\/2024\/07\/FondoTituloRelieveAzul.png 1200w, https:\/\/www.hospitalelcalafate.gob.ar\/wp-content\/uploads\/2024\/07\/FondoTituloRelieveAzul-300x38.png 300w, https:\/\/www.hospitalelcalafate.gob.ar\/wp-content\/uploads\/2024\/07\/FondoTituloRelieveAzul-1024x128.png 1024w, https:\/\/www.hospitalelcalafate.gob.ar\/wp-content\/uploads\/2024\/07\/FondoTituloRelieveAzul-768x96.png 768w\" sizes=\"auto, (max-width: 1200px) 100vw, 1200px\" \/><div class=\"wp-block-cover__inner-container is-layout-flow wp-block-cover-is-layout-flow\">\n<p class=\"has-text-align-center has-large-font-size\">Contrataciones Directas<\/p>\n<\/div><\/div>\n\n\n\n<div class=\"wp-block-columns is-layout-flex wp-container-core-columns-is-layout-28f84493 wp-block-columns-is-layout-flex\">\n<div class=\"wp-block-column is-layout-flow wp-block-column-is-layout-flow\" style=\"flex-basis:80%\">\n\t\t\t<div class=\"wp-block-uagb-post-grid uagb-post-grid  uagb-post__image-position-top uagb-post__image-disabled uagb-block-4fe96a98     uagb-post__items uagb-post__columns-1 is-grid uagb-post__columns-tablet-2 uagb-post__columns-mobile-1 uagb-post__equal-height\" data-total=\"51\" style=\"\">\n\n\t\t\t\t\t\t\t\t\t\t\t\t<article class=\"uagb-post__inner-wrap\">\t\t\t\t\t\t\t\t<h5 class=\"uagb-post__title uagb-post__text\">\n\t\t\t\t<a href=\"https:\/\/www.hospitalelcalafate.gob.ar\/?p=4871\" target=\"_self\" rel=\"bookmark noopener noreferrer\">CONTRATACION DIRECTA N\u00b0 0190\/2026<\/a>\n\t\t\t<\/h5>\n\t\t\t\t\t\t<div class='uagb-post__text uagb-post-grid-byline'>\n\t\t\t\t\t\t\t\t<time datetime=\"2026-04-29T15:03:49-03:00\" class=\"uagb-post__date\">\n\t\t\t\t\t\t\t\t\t29 de abril de 2026\t\t\t\t<\/time>\n\t\t\t\t\t\t<\/div>\n\t\t\t\t\t\t\t<div class='uagb-post__text uagb-post__excerpt'>\n\t\t\t\t\t<p>EXPEDIENTE N\u00b0 DIT 0190\/2026 Objeto: Servicio de soporte y mantenimiento SIGEHOS para el Hospital de Alta Complejidad El Calafate, Servicio de Atenci\u00f3n M\u00e9dica Integral para la Comunidad. Clase: De Etapa&#8230;\t\t\t\t<\/div>\n\t\t\t\n\t\t\t\t\t\t\t\t\t<\/article>\n\t\t\t\t\t\t\t\t\t\t\t\t\t\t\t\t<article class=\"uagb-post__inner-wrap\">\t\t\t\t\t\t\t\t<h5 class=\"uagb-post__title uagb-post__text\">\n\t\t\t\t<a href=\"https:\/\/www.hospitalelcalafate.gob.ar\/?p=4869\" target=\"_self\" rel=\"bookmark noopener noreferrer\">CONTRATACION DIRECTA N\u00b0 0214\/2026<\/a>\n\t\t\t<\/h5>\n\t\t\t\t\t\t<div class='uagb-post__text uagb-post-grid-byline'>\n\t\t\t\t\t\t\t\t<time datetime=\"2026-04-29T14:58:34-03:00\" class=\"uagb-post__date\">\n\t\t\t\t\t\t\t\t\t29 de abril de 2026\t\t\t\t<\/time>\n\t\t\t\t\t\t<\/div>\n\t\t\t\t\t\t\t<div class='uagb-post__text uagb-post__excerpt'>\n\t\t\t\t\t<p>EXPEDIENTE N\u00b0 DTA 0214\/2026 Objeto: Reposici\u00f3n de stock medicamentos varios para Hospital de Alta Complejidad El Calafate, Servicio de Atenci\u00f3n M\u00e9dica Integral para la Comunidad. Clase: De Etapa \u00danica. Modalidad:&#8230;\t\t\t\t<\/div>\n\t\t\t\n\t\t\t\t\t\t\t\t\t<\/article>\n\t\t\t\t\t\t\t\t\t\t\t\t\t\t\t\t<article class=\"uagb-post__inner-wrap\">\t\t\t\t\t\t\t\t<h5 class=\"uagb-post__title uagb-post__text\">\n\t\t\t\t<a href=\"https:\/\/www.hospitalelcalafate.gob.ar\/?p=4867\" target=\"_self\" rel=\"bookmark noopener noreferrer\">CONTRATACION DIRECTA N\u00b0 0232\/2026<\/a>\n\t\t\t<\/h5>\n\t\t\t\t\t\t<div class='uagb-post__text uagb-post-grid-byline'>\n\t\t\t\t\t\t\t\t<time datetime=\"2026-04-29T14:52:44-03:00\" class=\"uagb-post__date\">\n\t\t\t\t\t\t\t\t\t29 de abril de 2026\t\t\t\t<\/time>\n\t\t\t\t\t\t<\/div>\n\t\t\t\t\t\t\t<div class='uagb-post__text uagb-post__excerpt'>\n\t\t\t\t\t<p>EXPEDIENTE N\u00b0 DTA 0232\/2026 Objeto: Reposici\u00f3n de insumos imprescindibles farmacia para Hospital de Alta Complejidad El Calafate, Servicio de Atenci\u00f3n M\u00e9dica Integral para la Comunidad. Clase: De Etapa \u00danica. Modalidad:&#8230;\t\t\t\t<\/div>\n\t\t\t\n\t\t\t\t\t\t\t\t\t<\/article>\n\t\t\t\t\t\t\t\t\t\t\t\t\t\t\t\t<article class=\"uagb-post__inner-wrap\">\t\t\t\t\t\t\t\t<h5 class=\"uagb-post__title uagb-post__text\">\n\t\t\t\t<a href=\"https:\/\/www.hospitalelcalafate.gob.ar\/?p=4865\" target=\"_self\" rel=\"bookmark noopener noreferrer\">CONTRATACI\u00d3N DIRECTA N\u00b0\u00a00185\/2026<\/a>\n\t\t\t<\/h5>\n\t\t\t\t\t\t<div class='uagb-post__text uagb-post-grid-byline'>\n\t\t\t\t\t\t\t\t<time datetime=\"2026-04-29T13:58:10-03:00\" class=\"uagb-post__date\">\n\t\t\t\t\t\t\t\t\t29 de abril de 2026\t\t\t\t<\/time>\n\t\t\t\t\t\t<\/div>\n\t\t\t\t\t\t\t<div class='uagb-post__text uagb-post__excerpt'>\n\t\t\t\t\t<p>EXPEDIENTE N\u00b0 DIT 0185\/2026 Objeto:\u00a0L\u00edquidos de lavander\u00eda para el Hospital de Alta Complejidad El Calafate, Servicio de Atenci\u00f3n M\u00e9dica Integral para la Comunidad. Clase:\u00a0De Etapa \u00danica.\u00a0Modalidad:\u00a0Sin modalidad. Retiro de pliegos:\u00a0Hasta&#8230;\t\t\t\t<\/div>\n\t\t\t\n\t\t\t\t\t\t\t\t\t<\/article>\n\t\t\t\t\t\t\t\t\t\t\t\t\t\t\t\t<article class=\"uagb-post__inner-wrap\">\t\t\t\t\t\t\t\t<h5 class=\"uagb-post__title uagb-post__text\">\n\t\t\t\t<a href=\"https:\/\/www.hospitalelcalafate.gob.ar\/?p=4863\" target=\"_self\" rel=\"bookmark noopener noreferrer\">CONTRATACI\u00d3N DIRECTA N\u00b0 0162\/2026<\/a>\n\t\t\t<\/h5>\n\t\t\t\t\t\t<div class='uagb-post__text uagb-post-grid-byline'>\n\t\t\t\t\t\t\t\t<time datetime=\"2026-04-29T12:40:01-03:00\" class=\"uagb-post__date\">\n\t\t\t\t\t\t\t\t\t29 de abril de 2026\t\t\t\t<\/time>\n\t\t\t\t\t\t<\/div>\n\t\t\t\t\t\t\t<div class='uagb-post__text uagb-post__excerpt'>\n\t\t\t\t\t<p>EXPEDIENTE N\u00b0 DE\u00a0 0162\/2026 Objeto:\u00a0\u201cReactivos de Biolog\u00eda Molecular\u201d\u00a0para el Hospital de Alta Complejidad El Calafate, Servicio de Atenci\u00f3n M\u00e9dica Integral para la Comunidad. Clase:\u00a0De Etapa \u00danica.\u00a0Modalidad:\u00a0Sin modalidad. Retiro de pliegos:\u00a0Hasta&#8230;\t\t\t\t<\/div>\n\t\t\t\n\t\t\t\t\t\t\t\t\t<\/article>\n\t\t\t\t\t\t\t\t\t\t\t\t\t\t\t\t<article class=\"uagb-post__inner-wrap\">\t\t\t\t\t\t\t\t<h5 class=\"uagb-post__title uagb-post__text\">\n\t\t\t\t<a href=\"https:\/\/www.hospitalelcalafate.gob.ar\/?p=4857\" target=\"_self\" rel=\"bookmark noopener noreferrer\">CONTRATACI\u00d3N DIRECTA N\u00b0 0095\/2026<\/a>\n\t\t\t<\/h5>\n\t\t\t\t\t\t<div class='uagb-post__text uagb-post-grid-byline'>\n\t\t\t\t\t\t\t\t<time datetime=\"2026-04-28T11:21:35-03:00\" class=\"uagb-post__date\">\n\t\t\t\t\t\t\t\t\t28 de abril de 2026\t\t\t\t<\/time>\n\t\t\t\t\t\t<\/div>\n\t\t\t\t\t\t\t<div class='uagb-post__text uagb-post__excerpt'>\n\t\t\t\t\t<p>EXPEDIENTE N\u00b0 DIT&nbsp; 0095\/2026 Objeto:&nbsp;\u201cCalzado de seguridad\u201d&nbsp;para el Hospital de Alta Complejidad El Calafate, Servicio de Atenci\u00f3n M\u00e9dica Integral para la Comunidad. Clase:&nbsp;De Etapa \u00danica.&nbsp;Modalidad:&nbsp;Sin modalidad. Retiro de pliegos:&nbsp;Hasta las&#8230;\t\t\t\t<\/div>\n\t\t\t\n\t\t\t\t\t\t\t\t\t<\/article>\n\t\t\t\t\t\t\t\t\t\t\t\t\t\t\t\t<article class=\"uagb-post__inner-wrap\">\t\t\t\t\t\t\t\t<h5 class=\"uagb-post__title uagb-post__text\">\n\t\t\t\t<a href=\"https:\/\/www.hospitalelcalafate.gob.ar\/?p=4853\" target=\"_self\" rel=\"bookmark noopener noreferrer\">CONTRATACI\u00d3N DIRECTA N\u00b0\u00a00210\/2026<\/a>\n\t\t\t<\/h5>\n\t\t\t\t\t\t<div class='uagb-post__text uagb-post-grid-byline'>\n\t\t\t\t\t\t\t\t<time datetime=\"2026-04-24T10:55:25-03:00\" class=\"uagb-post__date\">\n\t\t\t\t\t\t\t\t\t24 de abril de 2026\t\t\t\t<\/time>\n\t\t\t\t\t\t<\/div>\n\t\t\t\t\t\t\t<div class='uagb-post__text uagb-post__excerpt'>\n\t\t\t\t\t<p>EXPEDIENTE N\u00b0 DM\u00a0 0210\/2026 Objeto:\u00a0Reposici\u00f3n\u00a0stock material esteril descartables para el Hospital de Alta Complejidad El Calafate, Servicio de Atenci\u00f3n M\u00e9dica Integral para la Comunidad. Clase:\u00a0De Etapa \u00danica.\u00a0Modalidad:\u00a0Sin modalidad. Retiro de&#8230;\t\t\t\t<\/div>\n\t\t\t\n\t\t\t\t\t\t\t\t\t<\/article>\n\t\t\t\t\t\t\t\t\t\t\t\t\t\t\t\t<article class=\"uagb-post__inner-wrap\">\t\t\t\t\t\t\t\t<h5 class=\"uagb-post__title uagb-post__text\">\n\t\t\t\t<a href=\"https:\/\/www.hospitalelcalafate.gob.ar\/?p=4851\" target=\"_self\" rel=\"bookmark noopener noreferrer\">CONTRATACI\u00d3N DIRECTA 0249\/2026<\/a>\n\t\t\t<\/h5>\n\t\t\t\t\t\t<div class='uagb-post__text uagb-post-grid-byline'>\n\t\t\t\t\t\t\t\t<time datetime=\"2026-04-24T10:53:00-03:00\" class=\"uagb-post__date\">\n\t\t\t\t\t\t\t\t\t24 de abril de 2026\t\t\t\t<\/time>\n\t\t\t\t\t\t<\/div>\n\t\t\t\t\t\t\t<div class='uagb-post__text uagb-post__excerpt'>\n\t\t\t\t\t<p>EXPEDIENTE DIT 0249\/2026 Objeto:\u00a0Servicio\u00a0mantenimiento anual resonador Philips Achieva 1.5T\u00a0del Hospital de Alta Complejidad El Calafate, Servicio de Atenci\u00f3n M\u00e9dica Integral para la Comunidad. Clase:\u00a0De Etapa \u00danica.\u00a0Modalidad:\u00a0Sin modalidad. Retiro de pliegos:\u00a0Hasta&#8230;\t\t\t\t<\/div>\n\t\t\t\n\t\t\t\t\t\t\t\t\t<\/article>\n\t\t\t\t\t\t\t\t\t\t\t\t\t<div class=\"uagb-post-pagination-wrap\">\n\t\t\t\t\t\t<span class=\"page-numbers current\">1<\/span>\n<a class=\"page-numbers\" href=\"https:\/\/www.hospitalelcalafate.gob.ar\/index.php?rest_route=%2Fwp%2Fv2%2Fpages%2F2128&#038;paged=2\">2<\/a>\n<a class=\"page-numbers\" href=\"https:\/\/www.hospitalelcalafate.gob.ar\/index.php?rest_route=%2Fwp%2Fv2%2Fpages%2F2128&#038;paged=3\">3<\/a>\n<a class=\"page-numbers\" href=\"https:\/\/www.hospitalelcalafate.gob.ar\/index.php?rest_route=%2Fwp%2Fv2%2Fpages%2F2128&#038;paged=4\">4<\/a>\n<a class=\"page-numbers\" href=\"https:\/\/www.hospitalelcalafate.gob.ar\/index.php?rest_route=%2Fwp%2Fv2%2Fpages%2F2128&#038;paged=5\">5<\/a>\n<a class=\"next page-numbers\" href=\"https:\/\/www.hospitalelcalafate.gob.ar\/index.php?rest_route=%2Fwp%2Fv2%2Fpages%2F2128&#038;paged=2\"> \u00bb<\/a>\t\t\t\t\t<\/div>\n\t\t\t\t\t\t\t\t<\/div>\n\t\t\t<\/div>\n\n\n\n<div class=\"wp-block-column is-layout-flow wp-block-column-is-layout-flow\">\n<div class=\"wp-block-uagb-buttons uagb-buttons__outer-wrap uagb-btn__medium-btn uagb-btn-tablet__default-btn uagb-btn-mobile__default-btn uagb-block-c05d167f\"><div class=\"uagb-buttons__wrap uagb-buttons-layout-wrap \">\n<div class=\"wp-block-uagb-buttons-child uagb-buttons__outer-wrap uagb-block-e8e63edf wp-block-button\"><div class=\"uagb-button__wrapper\"><a class=\"uagb-buttons-repeater wp-block-button__link\" aria-label=\"\" href=\"https:\/\/www.hospitalelcalafate.gob.ar\/?page_id=2123\" rel=\"follow noopener\" target=\"_self\" role=\"button\"><div class=\"uagb-button__link\">Licitaciones P\u00fablicas<\/div><\/a><\/div><\/div>\n<\/div><\/div>\n\n\n\n<div class=\"wp-block-uagb-buttons uagb-buttons__outer-wrap uagb-btn__medium-btn uagb-btn-tablet__default-btn uagb-btn-mobile__default-btn uagb-block-393676e5\"><div class=\"uagb-buttons__wrap uagb-buttons-layout-wrap \">\n<div class=\"wp-block-uagb-buttons-child uagb-buttons__outer-wrap uagb-block-992eb488 wp-block-button\"><div class=\"uagb-button__wrapper\"><a class=\"uagb-buttons-repeater wp-block-button__link\" aria-label=\"\" href=\"https:\/\/www.hospitalelcalafate.gob.ar\/?page_id=2126\" rel=\"follow noopener\" target=\"_self\" role=\"button\"><div class=\"uagb-button__link\">Licitaciones Privadas<\/div><\/a><\/div><\/div>\n<\/div><\/div>\n<\/div>\n<\/div>\n","protected":false},"excerpt":{"rendered":"","protected":false},"author":3,"featured_media":0,"parent":0,"menu_order":0,"comment_status":"closed","ping_status":"closed","template":"","meta":{"_eb_attr":"","_uag_custom_page_level_css":"","advgb_blocks_editor_width":"","advgb_blocks_columns_visual_guide":"","site-sidebar-layout":"default","site-content-layout":"","ast-site-content-layout":"default","site-content-style":"default","site-sidebar-style":"default","ast-global-header-display":"","ast-banner-title-visibility":"","ast-main-header-display":"","ast-hfb-above-header-display":"","ast-hfb-below-header-display":"","ast-hfb-mobile-header-display":"","site-post-title":"disabled","ast-breadcrumbs-content":"","ast-featured-img":"","footer-sml-layout":"","theme-transparent-header-meta":"","adv-header-id-meta":"","stick-header-meta":"","header-above-stick-meta":"","header-main-stick-meta":"","header-below-stick-meta":"","astra-migrate-meta-layouts":"set","ast-page-background-enabled":"default","ast-page-background-meta":{"desktop":{"background-color":"var(--ast-global-color-4)","background-image":"","background-repeat":"repeat","background-position":"center center","background-size":"auto","background-attachment":"scroll","background-type":"","background-media":"","overlay-type":"","overlay-color":"","overlay-opacity":"","overlay-gradient":""},"tablet":{"background-color":"","background-image":"","background-repeat":"repeat","background-position":"center center","background-size":"auto","background-attachment":"scroll","background-type":"","background-media":"","overlay-type":"","overlay-color":"","overlay-opacity":"","overlay-gradient":""},"mobile":{"background-color":"","background-image":"","background-repeat":"repeat","background-position":"center center","background-size":"auto","background-attachment":"scroll","background-type":"","background-media":"","overlay-type":"","overlay-color":"","overlay-opacity":"","overlay-gradient":""}},"ast-content-background-meta":{"desktop":{"background-color":"var(--ast-global-color-5)","background-image":"","background-repeat":"repeat","background-position":"center center","background-size":"auto","background-attachment":"scroll","background-type":"","background-media":"","overlay-type":"","overlay-color":"","overlay-opacity":"","overlay-gradient":""},"tablet":{"background-color":"var(--ast-global-color-5)","background-image":"","background-repeat":"repeat","background-position":"center center","background-size":"auto","background-attachment":"scroll","background-type":"","background-media":"","overlay-type":"","overlay-color":"","overlay-opacity":"","overlay-gradient":""},"mobile":{"background-color":"var(--ast-global-color-5)","background-image":"","background-repeat":"repeat","background-position":"center center","background-size":"auto","background-attachment":"scroll","background-type":"","background-media":"","overlay-type":"","overlay-color":"","overlay-opacity":"","overlay-gradient":""}},"footnotes":""},"class_list":["post-2128","page","type-page","status-publish","hentry"],"uagb_featured_image_src":{"full":false,"thumbnail":false,"medium":false,"medium_large":false,"large":false,"1536x1536":false,"2048x2048":false},"uagb_author_info":{"display_name":"Comunicaci\u00f3n","author_link":"https:\/\/www.hospitalelcalafate.gob.ar\/?author=3"},"uagb_comment_info":0,"uagb_excerpt":null,"coauthors":[],"author_meta":{"author_link":"https:\/\/www.hospitalelcalafate.gob.ar\/?author=3","display_name":"Comunicaci\u00f3n"},"relative_dates":{"created":"Publicado 3 a\u00f1os hace","modified":"Actualizado 2 a\u00f1os hace"},"absolute_dates":{"created":"Publicado el 29 de agosto de 2023","modified":"Actualizado el 23 de septiembre de 2024"},"absolute_dates_time":{"created":"Publicado el 29 de agosto de 2023 2:27 pm","modified":"Actualizado el 23 de septiembre de 2024 12:23 pm"},"featured_img_caption":"","featured_img":false,"series_order":"","_links":{"self":[{"href":"https:\/\/www.hospitalelcalafate.gob.ar\/index.php?rest_route=\/wp\/v2\/pages\/2128","targetHints":{"allow":["GET"]}}],"collection":[{"href":"https:\/\/www.hospitalelcalafate.gob.ar\/index.php?rest_route=\/wp\/v2\/pages"}],"about":[{"href":"https:\/\/www.hospitalelcalafate.gob.ar\/index.php?rest_route=\/wp\/v2\/types\/page"}],"author":[{"embeddable":true,"href":"https:\/\/www.hospitalelcalafate.gob.ar\/index.php?rest_route=\/wp\/v2\/users\/3"}],"replies":[{"embeddable":true,"href":"https:\/\/www.hospitalelcalafate.gob.ar\/index.php?rest_route=%2Fwp%2Fv2%2Fcomments&post=2128"}],"version-history":[{"count":20,"href":"https:\/\/www.hospitalelcalafate.gob.ar\/index.php?rest_route=\/wp\/v2\/pages\/2128\/revisions"}],"predecessor-version":[{"id":3797,"href":"https:\/\/www.hospitalelcalafate.gob.ar\/index.php?rest_route=\/wp\/v2\/pages\/2128\/revisions\/3797"}],"wp:attachment":[{"href":"https:\/\/www.hospitalelcalafate.gob.ar\/index.php?rest_route=%2Fwp%2Fv2%2Fmedia&parent=2128"}],"curies":[{"name":"wp","href":"https:\/\/api.w.org\/{rel}","templated":true}]}}