{"id":2775,"date":"2025-01-24T12:27:17","date_gmt":"2025-01-24T15:27:17","guid":{"rendered":"https:\/\/www.hospitalelcalafate.gob.ar\/?page_id=2775"},"modified":"2025-01-24T22:19:53","modified_gmt":"2025-01-25T01:19:53","slug":"portal-de-pacientes","status":"publish","type":"page","link":"https:\/\/www.hospitalelcalafate.gob.ar\/?page_id=2775","title":{"rendered":"Portal de Pacientes"},"content":{"rendered":"\n<div class=\"wp-block-cover alignfull\" style=\"margin-bottom:0;min-height:100px;aspect-ratio:unset;\"><span aria-hidden=\"true\" class=\"wp-block-cover__background has-background-dim-20 has-background-dim\" style=\"background-color:#002243\"><\/span><img loading=\"lazy\" decoding=\"async\" width=\"1200\" height=\"150\" class=\"wp-block-cover__image-background wp-image-3524\" alt=\"\" src=\"https:\/\/www.hospitalelcalafate.gob.ar\/wp-content\/uploads\/2024\/07\/FondoTituloRelieveAzul.png\" data-object-fit=\"cover\" srcset=\"https:\/\/www.hospitalelcalafate.gob.ar\/wp-content\/uploads\/2024\/07\/FondoTituloRelieveAzul.png 1200w, https:\/\/www.hospitalelcalafate.gob.ar\/wp-content\/uploads\/2024\/07\/FondoTituloRelieveAzul-300x38.png 300w, https:\/\/www.hospitalelcalafate.gob.ar\/wp-content\/uploads\/2024\/07\/FondoTituloRelieveAzul-1024x128.png 1024w, https:\/\/www.hospitalelcalafate.gob.ar\/wp-content\/uploads\/2024\/07\/FondoTituloRelieveAzul-768x96.png 768w\" sizes=\"auto, (max-width: 1200px) 100vw, 1200px\" \/><div class=\"wp-block-cover__inner-container is-layout-flow wp-block-cover-is-layout-flow\">\n<p class=\"has-text-align-center has-large-font-size\">Portal de Pacientes<\/p>\n<\/div><\/div>\n\n\n\n<div class=\"wp-block-columns alignwide is-layout-flex wp-container-core-columns-is-layout-28f84493 wp-block-columns-is-layout-flex\">\n<div class=\"wp-block-column is-layout-flow wp-block-column-is-layout-flow\" style=\"flex-basis:100%\">\n<div class=\"wp-block-advgb-adv-tabs advgb-tabs-wrapper advgb-tab-vert-desktop advgb-tab-vert-tablet advgb-tab-stack-mobile advgb-tabs-77089cb3-e5c8-4159-bee4-d10e9b6b4bd3\" data-tab-active=\"0\"><ul class=\"advgb-tabs-panel\"><li class=\"advgb-tab\" style=\"background-color:var(--ast-global-color-2);border-style:solid;border-width:1px;border-radius:10px\"><a id=\"\" href=\"#advgb-tabs-tab0\" style=\"color:var(--ast-global-color-4)\"><span>Ingreso al Portal<\/span><\/a><\/li><li class=\"advgb-tab\" style=\"background-color:var(--ast-global-color-2);border-style:solid;border-width:1px;border-radius:10px\"><a id=\"\" href=\"#advgb-tabs-tab1\" style=\"color:var(--ast-global-color-4)\"><span>\u00bfQu\u00e9 podes hacer en el Portal?<\/span><\/a><\/li><li class=\"advgb-tab\" style=\"background-color:var(--ast-global-color-2);border-style:solid;border-width:1px;border-radius:10px\"><a id=\"\" href=\"#advgb-tabs-tab2\" style=\"color:var(--ast-global-color-4)\"><span>Recuperar mi contrase\u00f1a<\/span><\/a><\/li><\/ul><div class=\"advgb-tab-body-wrapper\" style=\"background-color:var(--ast-global-color-4);border-style:solid;border-width:1px;border-radius:10px\">\n<div class=\"wp-block-advgb-tab advgb-tab-body-container\"><div class=\"advgb-tab-body-header advgb-tab-class-\">Ingreso al Portal<\/div><div class=\"advgb-tab-_6daf7f-3f advgb-tab-body\" aria-labelledby=\"advgb-tabs-tab0\">\n<p>Para utilizar el Portal del Paciente del&nbsp;<em>HOSPITAL SAMIC<\/em>&nbsp;ten\u00e9s que:<\/p>\n\n\n\n<ul class=\"wp-block-list\">\n<li>Ser mayor de 18 a\u00f1os.<\/li>\n\n\n\n<li>Tener un nombre de usuario y contrase\u00f1a, para generar tu cuenta. Si ya lo ten\u00e9s ingresa haciendo <strong><mark style=\"background-color:rgba(0, 0, 0, 0)\" class=\"has-inline-color has-ast-global-color-0-color\">clic en el bot\u00f3n INGRESAR<\/mark><\/strong><\/li>\n\n\n\n<li>Si es la primera vez que lo haces, completa un breve&nbsp;<strong>registro<\/strong>&nbsp;online para comprobar tu identidad y puedas ingresar. Hace <mark style=\"background-color:rgba(0, 0, 0, 0)\" class=\"has-inline-color has-ast-global-color-0-color\">clic en el bot\u00f3n REGISTRO<\/mark><\/li>\n<\/ul>\n<\/div><\/div>\n\n\n\n<div class=\"wp-block-advgb-tab advgb-tab-body-container\"><div class=\"advgb-tab-body-header advgb-tab-class-\">\u00bfQu\u00e9 podes hacer en el Portal?<\/div><div class=\"advgb-tab-_009af0-23 advgb-tab-body\" aria-labelledby=\"advgb-tabs-tab1\">\n<ul class=\"wp-block-list\">\n<li>Reservar y visualizar turnos desde tu computadora o cualquier dispositivo m\u00f3vil.<\/li>\n\n\n\n<li>Ver tu historial de consultas.<\/li>\n\n\n\n<li>Consultar los resultados de las pr\u00e1cticas de laboratorio e im\u00e1genes entre otros.<\/li>\n\n\n\n<li>Recibir recordatorios de los pr\u00f3ximos turnos.<\/li>\n<\/ul>\n<\/div><\/div>\n\n\n\n<div class=\"wp-block-advgb-tab advgb-tab-body-container\"><div class=\"advgb-tab-body-header advgb-tab-class-\">Recuperar mi contrase\u00f1a<\/div><div class=\"advgb-tab-_09eca8-fb advgb-tab-body\" aria-labelledby=\"advgb-tabs-tab2\">\n<p><strong><mark style=\"background-color:rgba(0, 0, 0, 0)\" class=\"has-inline-color has-ast-global-color-0-color\">Ingres\u00e1 aca<\/mark><\/strong>, una vez que completes el formulario, te enviaremos a tu casilla de correo o celular las instrucciones para restablecerla.<\/p>\n<\/div><\/div>\n<\/div><\/div>\n<\/div>\n<\/div>\n\n\n\n<div class=\"wp-block-uagb-container uagb-block-7204a6d8 default uagb-is-root-container\">\n<p class=\"has-text-align-center has-medium-font-size\">Una vez realizado el registro, podes ingresar al Portal con tu n\u00famero de DNI y la contrase\u00f1a que elegiste.<\/p>\n\n\n\n<div class=\"wp-block-essential-blocks-dual-button  root-eb-button-group-hht788f\"><div class=\"eb-parent-wrapper eb-parent-eb-button-group-hht788f \"><div class=\"eb-button-group-wrapper eb-button-group-hht788f preset-1\" data-id=\"eb-button-group-hht788f\"><div class=\"eb-button-inner-wrapper \"><a class=\"eb-button-anchor eb-button-one\" href=\"http:\/\/sigehos.hospitalelcalafate.gob.ar\/ppgenesis\/\" target=\"_blank\" rel=\"noopener\"><div class=\"eb-button-text eb-button-one-text\">INGRESAR<\/div><\/a><\/div><div class=\"eb-button-group__midldeInner\"><span><i icon=\"fas fa-arrows-alt-h\" class=\"fas fa-arrows-alt-h \"><\/i><\/span><\/div><div class=\"eb-button-inner-wrapper \"><a class=\"eb-button-anchor eb-button-two\" href=\"http:\/\/sigehos.hospitalelcalafate.gob.ar\/ppgenesis\/login_contenido.php?xgap_historial=clear\" target=\"_blank\" rel=\"noopener\"><div class=\"eb-button-text eb-button-two-text\">REGISTRO<\/div><\/a><\/div><\/div><\/div><\/div>\n<\/div>\n\n\n\n<div style=\"height:100px\" aria-hidden=\"true\" class=\"wp-block-spacer\"><\/div>\n\n\n\n<div class=\"wp-block-cover alignfull\" style=\"margin-top:0;margin-bottom:0;padding-top:var(--wp--preset--spacing--80);padding-right:0;padding-bottom:var(--wp--preset--spacing--80);padding-left:0\"><span aria-hidden=\"true\" class=\"wp-block-cover__background has-ast-global-color-0-background-color has-background-dim-60 has-background-dim\"><\/span><img loading=\"lazy\" decoding=\"async\" width=\"1079\" height=\"544\" class=\"wp-block-cover__image-background wp-image-2799\" alt=\"\" src=\"https:\/\/www.hospitalelcalafate.gob.ar\/wp-content\/uploads\/2023\/10\/HospitalPortada.jpg\" data-object-fit=\"cover\" srcset=\"https:\/\/www.hospitalelcalafate.gob.ar\/wp-content\/uploads\/2023\/10\/HospitalPortada.jpg 1079w, https:\/\/www.hospitalelcalafate.gob.ar\/wp-content\/uploads\/2023\/10\/HospitalPortada-300x151.jpg 300w, https:\/\/www.hospitalelcalafate.gob.ar\/wp-content\/uploads\/2023\/10\/HospitalPortada-1024x516.jpg 1024w, https:\/\/www.hospitalelcalafate.gob.ar\/wp-content\/uploads\/2023\/10\/HospitalPortada-768x387.jpg 768w\" sizes=\"auto, (max-width: 1079px) 100vw, 1079px\" \/><div class=\"wp-block-cover__inner-container is-layout-constrained wp-container-core-cover-is-layout-c15dbec7 wp-block-cover-is-layout-constrained\">\n<div class=\"wp-block-uagb-container uagb-block-2d38258b default uagb-is-root-container\">\n<div class=\"wp-block-uagb-info-box uagb-block-4906e3c0 uagb-infobox__content-wrap  uagb-infobox_cta-type-all uagb-infobox-icon-left-title uagb-infobox-left uagb-infobox-image-valign-top\"><a href=\"\" class=\"uagb-infobox-link-wrap uagb-infbox__link-to-all\" target=\"_self\" aria-label=\"Infobox Link\" rel=\"noopener noreferrer\" onclick=\"return false;\"><\/a><div class=\"uagb-ifb-content\"><div class=\"uagb-ifb-left-title-image\"><div class=\"uagb-ifb-icon-wrap\"><svg xmlns=\"https:\/\/www.w3.org\/2000\/svg\" viewBox=\"0 0 448 512\"><path d=\"M448 336v-288C448 21.49 426.5 0 400 0H96C42.98 0 0 42.98 0 96v320c0 53.02 42.98 96 96 96h320c17.67 0 32-14.33 32-31.1c0-11.72-6.607-21.52-16-27.1v-81.36C441.8 362.8 448 350.2 448 336zM143.1 128h192C344.8 128 352 135.2 352 144C352 152.8 344.8 160 336 160H143.1C135.2 160 128 152.8 128 144C128 135.2 135.2 128 143.1 128zM143.1 192h192C344.8 192 352 199.2 352 208C352 216.8 344.8 224 336 224H143.1C135.2 224 128 216.8 128 208C128 199.2 135.2 192 143.1 192zM384 448H96c-17.67 0-32-14.33-32-32c0-17.67 14.33-32 32-32h288V448z\"><\/path><\/svg><\/div><div class=\"uagb-ifb-title-wrap\"><h3 class=\"uagb-ifb-title\">Historia Cl\u00ednica<\/h3><\/div><\/div><div class=\"uagb-ifb-separator\"><\/div><div class=\"uagb-ifb-button-wrapper wp-block-button\"><\/div><\/div><\/div>\n\n\n\n<div class=\"wp-block-uagb-info-box uagb-block-81be783f uagb-infobox__content-wrap  uagb-infobox_cta-type-all uagb-infobox-icon-left-title uagb-infobox-left uagb-infobox-image-valign-top\"><a href=\"\" class=\"uagb-infobox-link-wrap uagb-infbox__link-to-all\" target=\"_self\" aria-label=\"Infobox Link\" rel=\"noopener noreferrer\" onclick=\"return false;\"><\/a><div class=\"uagb-ifb-content\"><div class=\"uagb-ifb-left-title-image\"><div class=\"uagb-ifb-icon-wrap\"><svg xmlns=\"https:\/\/www.w3.org\/2000\/svg\" viewBox=\"0 0 512 512\"><path d=\"M0 96C0 60.65 28.65 32 64 32H448C483.3 32 512 60.65 512 96V416C512 451.3 483.3 480 448 480H64C28.65 480 0 451.3 0 416V96zM64 160H128V96H64V160zM448 96H192V160H448V96zM64 288H128V224H64V288zM448 224H192V288H448V224zM64 416H128V352H64V416zM448 352H192V416H448V352z\"><\/path><\/svg><\/div><div class=\"uagb-ifb-title-wrap\"><h3 class=\"uagb-ifb-title\">Informes<\/h3><\/div><\/div><div class=\"uagb-ifb-separator\"><\/div><div class=\"uagb-ifb-button-wrapper wp-block-button\"><\/div><\/div><\/div>\n\n\n\n<div class=\"wp-block-uagb-info-box uagb-block-b65e267b uagb-infobox__content-wrap  uagb-infobox_cta-type-all uagb-infobox-icon-left-title uagb-infobox-left uagb-infobox-image-valign-top\"><a href=\"\" class=\"uagb-infobox-link-wrap uagb-infbox__link-to-all\" target=\"_self\" aria-label=\"Infobox Link\" rel=\"noopener noreferrer\" onclick=\"return false;\"><\/a><div class=\"uagb-ifb-content\"><div class=\"uagb-ifb-left-title-image\"><div class=\"uagb-ifb-icon-wrap\"><svg xmlns=\"https:\/\/www.w3.org\/2000\/svg\" viewBox=\"0 0 448 512\"><path d=\"M160 32V64H288V32C288 14.33 302.3 0 320 0C337.7 0 352 14.33 352 32V64H400C426.5 64 448 85.49 448 112V160H0V112C0 85.49 21.49 64 48 64H96V32C96 14.33 110.3 0 128 0C145.7 0 160 14.33 160 32zM0 192H448V464C448 490.5 426.5 512 400 512H48C21.49 512 0 490.5 0 464V192zM64 304C64 312.8 71.16 320 80 320H112C120.8 320 128 312.8 128 304V272C128 263.2 120.8 256 112 256H80C71.16 256 64 263.2 64 272V304zM192 304C192 312.8 199.2 320 208 320H240C248.8 320 256 312.8 256 304V272C256 263.2 248.8 256 240 256H208C199.2 256 192 263.2 192 272V304zM336 256C327.2 256 320 263.2 320 272V304C320 312.8 327.2 320 336 320H368C376.8 320 384 312.8 384 304V272C384 263.2 376.8 256 368 256H336zM64 432C64 440.8 71.16 448 80 448H112C120.8 448 128 440.8 128 432V400C128 391.2 120.8 384 112 384H80C71.16 384 64 391.2 64 400V432zM208 384C199.2 384 192 391.2 192 400V432C192 440.8 199.2 448 208 448H240C248.8 448 256 440.8 256 432V400C256 391.2 248.8 384 240 384H208zM320 432C320 440.8 327.2 448 336 448H368C376.8 448 384 440.8 384 432V400C384 391.2 376.8 384 368 384H336C327.2 384 320 391.2 320 400V432z\"><\/path><\/svg><\/div><div class=\"uagb-ifb-title-wrap\"><h3 class=\"uagb-ifb-title\">Turnos<\/h3><\/div><\/div><div class=\"uagb-ifb-separator\"><\/div><div class=\"uagb-ifb-button-wrapper wp-block-button\"><\/div><\/div><\/div>\n<\/div>\n<\/div><\/div>\n<style class=\"advgb-styles-renderer\">.advgb-tabs-77089cb3-e5c8-4159-bee4-d10e9b6b4bd3 ul.advgb-tabs-panel li.advgb-tab.advgb-tab-active {background-color:var(--ast-global-color-3) !important;color:#fff !important;}#advgb-tabs-77089cb3-e5c8-4159-bee4-d10e9b6b4bd3 .advgb-tab-body-header.header-active, .advgb-tabs-77089cb3-e5c8-4159-bee4-d10e9b6b4bd3 .advgb-tab-body-header.header-active{background-color:var(--ast-global-color-3) !important;color:#fff !important;}.advgb-tabs-77089cb3-e5c8-4159-bee4-d10e9b6b4bd3 ul.advgb-tabs-panel li.advgb-tab.advgb-tab-active {background-color:var(--ast-global-color-3) !important;color:#fff !important;}#advgb-tabs-77089cb3-e5c8-4159-bee4-d10e9b6b4bd3 .advgb-tab-body-header.header-active, .advgb-tabs-77089cb3-e5c8-4159-bee4-d10e9b6b4bd3 .advgb-tab-body-header.header-active{background-color:var(--ast-global-color-3) !important;color:#fff !important;}.advgb-tabs-77089cb3-e5c8-4159-bee4-d10e9b6b4bd3 ul.advgb-tabs-panel li.advgb-tab.advgb-tab-active {background-color:var(--ast-global-color-3) !important;color:#fff !important;}#advgb-tabs-77089cb3-e5c8-4159-bee4-d10e9b6b4bd3 .advgb-tab-body-header.header-active, .advgb-tabs-77089cb3-e5c8-4159-bee4-d10e9b6b4bd3 .advgb-tab-body-header.header-active{background-color:var(--ast-global-color-3) !important;color:#fff !important;}<\/style>","protected":false},"excerpt":{"rendered":"<p>Una vez realizado el registro, podes ingresar al Portal con tu n\u00famero de DNI y la contrase\u00f1a que elegiste.<\/p>\n","protected":false},"author":3,"featured_media":0,"parent":0,"menu_order":0,"comment_status":"closed","ping_status":"closed","template":"","meta":{"_eb_attr":"","_uag_custom_page_level_css":"","advgb_blocks_editor_width":"","advgb_blocks_columns_visual_guide":"","site-sidebar-layout":"default","site-content-layout":"","ast-site-content-layout":"default","site-content-style":"default","site-sidebar-style":"default","ast-global-header-display":"","ast-banner-title-visibility":"","ast-main-header-display":"","ast-hfb-above-header-display":"","ast-hfb-below-header-display":"","ast-hfb-mobile-header-display":"","site-post-title":"disabled","ast-breadcrumbs-content":"","ast-featured-img":"","footer-sml-layout":"","theme-transparent-header-meta":"","adv-header-id-meta":"","stick-header-meta":"","header-above-stick-meta":"","header-main-stick-meta":"","header-below-stick-meta":"","astra-migrate-meta-layouts":"set","ast-page-background-enabled":"default","ast-page-background-meta":{"desktop":{"background-color":"var(--ast-global-color-4)","background-image":"","background-repeat":"repeat","background-position":"center center","background-size":"auto","background-attachment":"scroll","background-type":"","background-media":"","overlay-type":"","overlay-color":"","overlay-opacity":"","overlay-gradient":""},"tablet":{"background-color":"","background-image":"","background-repeat":"repeat","background-position":"center center","background-size":"auto","background-attachment":"scroll","background-type":"","background-media":"","overlay-type":"","overlay-color":"","overlay-opacity":"","overlay-gradient":""},"mobile":{"background-color":"","background-image":"","background-repeat":"repeat","background-position":"center center","background-size":"auto","background-attachment":"scroll","background-type":"","background-media":"","overlay-type":"","overlay-color":"","overlay-opacity":"","overlay-gradient":""}},"ast-content-background-meta":{"desktop":{"background-color":"var(--ast-global-color-5)","background-image":"","background-repeat":"repeat","background-position":"center center","background-size":"auto","background-attachment":"scroll","background-type":"","background-media":"","overlay-type":"","overlay-color":"","overlay-opacity":"","overlay-gradient":""},"tablet":{"background-color":"var(--ast-global-color-5)","background-image":"","background-repeat":"repeat","background-position":"center center","background-size":"auto","background-attachment":"scroll","background-type":"","background-media":"","overlay-type":"","overlay-color":"","overlay-opacity":"","overlay-gradient":""},"mobile":{"background-color":"var(--ast-global-color-5)","background-image":"","background-repeat":"repeat","background-position":"center center","background-size":"auto","background-attachment":"scroll","background-type":"","background-media":"","overlay-type":"","overlay-color":"","overlay-opacity":"","overlay-gradient":""}},"footnotes":""},"class_list":["post-2775","page","type-page","status-publish","hentry"],"uagb_featured_image_src":{"full":false,"thumbnail":false,"medium":false,"medium_large":false,"large":false,"1536x1536":false,"2048x2048":false},"uagb_author_info":{"display_name":"Comunicaci\u00f3n","author_link":"https:\/\/www.hospitalelcalafate.gob.ar\/?author=3"},"uagb_comment_info":0,"uagb_excerpt":"Una vez realizado el registro, podes ingresar al Portal con tu n\u00famero de DNI y la contrase\u00f1a que elegiste.","coauthors":[],"author_meta":{"author_link":"https:\/\/www.hospitalelcalafate.gob.ar\/?author=3","display_name":"Comunicaci\u00f3n"},"relative_dates":{"created":"Publicado 1 a\u00f1o hace","modified":"Actualizado 1 a\u00f1o hace"},"absolute_dates":{"created":"Publicado el 24 de enero de 2025","modified":"Actualizado el 24 de enero de 2025"},"absolute_dates_time":{"created":"Publicado el 24 de enero de 2025 12:27 pm","modified":"Actualizado el 24 de enero de 2025 10:19 pm"},"featured_img_caption":"","featured_img":false,"series_order":"","_links":{"self":[{"href":"https:\/\/www.hospitalelcalafate.gob.ar\/index.php?rest_route=\/wp\/v2\/pages\/2775","targetHints":{"allow":["GET"]}}],"collection":[{"href":"https:\/\/www.hospitalelcalafate.gob.ar\/index.php?rest_route=\/wp\/v2\/pages"}],"about":[{"href":"https:\/\/www.hospitalelcalafate.gob.ar\/index.php?rest_route=\/wp\/v2\/types\/page"}],"author":[{"embeddable":true,"href":"https:\/\/www.hospitalelcalafate.gob.ar\/index.php?rest_route=\/wp\/v2\/users\/3"}],"replies":[{"embeddable":true,"href":"https:\/\/www.hospitalelcalafate.gob.ar\/index.php?rest_route=%2Fwp%2Fv2%2Fcomments&post=2775"}],"version-history":[{"count":67,"href":"https:\/\/www.hospitalelcalafate.gob.ar\/index.php?rest_route=\/wp\/v2\/pages\/2775\/revisions"}],"predecessor-version":[{"id":4088,"href":"https:\/\/www.hospitalelcalafate.gob.ar\/index.php?rest_route=\/wp\/v2\/pages\/2775\/revisions\/4088"}],"wp:attachment":[{"href":"https:\/\/www.hospitalelcalafate.gob.ar\/index.php?rest_route=%2Fwp%2Fv2%2Fmedia&parent=2775"}],"curies":[{"name":"wp","href":"https:\/\/api.w.org\/{rel}","templated":true}]}}